{"id":352,"date":"2020-06-19T07:44:08","date_gmt":"2020-06-19T07:44:08","guid":{"rendered":"http:\/\/www.paquitorres.es\/?page_id=352"},"modified":"2022-11-02T17:21:42","modified_gmt":"2022-11-02T17:21:42","slug":"inicio","status":"publish","type":"page","link":"http:\/\/www.paquitorres.es\/","title":{"rendered":"Inicio"},"content":{"rendered":"<p>Se trata de ti, de encontrar el sitio perfecto.<br \/>\nQue la compra o la venta de tu casa te acerquen a tu sue\u00f1o.<br \/>\nTu casa te ayuda a escribir tu propia historia.\u00bbLa comunicaci\u00f3n honesta est\u00e1 construida en la verdad e integridad y en el respeto del uno por el otro.\u00bb \u2013 Benjamin E. May\u00bbReunirse es un comienzo, permanecer juntos es un progreso; trabajar juntos es el \u00e9xito\u00bb &#8211; Henry Ford\u00bbLas grandes oportunidades para ayudar a los dem\u00e1s rara vez vienen, pero las peque\u00f1as nos rodean todos los d\u00edas.\u00bb &#8211; Sally Koch<br \/>\nPrecedente<br \/>\nSuccessivo<\/p>\n<p>Casas que nos inspiran&#8230;<\/p>\n<p>Muchos de los buenos momentos que pasamos en el hogar est\u00e1n relacionados con sentarse a disfrutar de un libro, de una historia que alguien ha querido compartir con nosotros.<br \/>\nPor esto seguramente a mi algunas casas me sugieren libros y una historia que contar.<\/p>\n<p>Desc\u00fabrelas poni\u00e9ndote sobre la imagen<\/p>\n<h3>\n\t\t\t\t\t\t\tVilla Green Life<\/h3>\n<p>Un amanecer de 1945, un muchacho es conducido por su padre a un misterioso lugar oculto en el coraz\u00f3n de la ciudad vieja: el Cementerio de los Libros Olvidados.<br \/>\n<a href=\"http:\/\/www.paquitorres.es\/?page_id=243\"><br \/>\nVer m\u00e1s\t\t\t\t\t\t<\/a><\/p>\n<h3>\n\t\t\t\t\t\t\tCasa Alminar<\/h3>\n<p><a href=\"http:\/\/www.paquitorres.es\/?page_id=3355\"><br \/>\nVer m\u00e1s\t\t\t\t\t\t<\/a><\/p>\n<h3>\n\t\t\t\t\t\t\tApartamento Viva La Playa<\/h3>\n<p>LA ISLA DEL TESORO para volver a la infancia y a vivir aventuras frente al mar.<br \/>\n<a href=\"http:\/\/www.paquitorres.es\/?page_id=486\"><br \/>\nVer m\u00e1s\t\t\t\t\t\t<\/a><\/p>\n<h3>\n\t\t\t\t\t\t\tAdosada Las Flores<\/h3>\n<p>HYGGE:<br \/>\nUn libro inspirador que te da las claves para crear ambientes de intimidad consciente y reconfortar tu alma<br \/>\n<a href=\"http:\/\/www.paquitorres.es\/?page_id=183\"><br \/>\nVer m\u00e1s\t\t\t\t\t\t<\/a><\/p>\n<h3>\n\t\t\t\t\t\t\tAlojamientos Rurales<\/h3>\n<p>Lo mejor despu\u00e9s de una sesi\u00f3n de yoga o de un buen paseo por la naturaleza es un t\u00e9 de c\u00farcuma y jengibre y un buen libro de aventuras.<br \/>\n<a href=\"http:\/\/www.paquitorres.es\/?page_id=2201\"><br \/>\nVer m\u00e1s\t\t\t\t\t\t<\/a><\/p>\n<h3>\n\t\t\t\t\t\t\tNew Development Elite La Cala Golf<\/h3>\n<p>El Feng Shui, se practica desde hace m\u00e1s de tres mil a\u00f1os en China, con vistas a encontrar los lugares m\u00e1s adecuados para la construcci\u00f3n y la mejor organizaci\u00f3n del espacio en cada lugar.<br \/>\n<a href=\"https:\/\/elitelacalagolf.com\/es\/inicio\/\" target=\"_blank\" rel=\"noopener noreferrer\"><br \/>\nVer m\u00e1s\t\t\t\t\t\t<\/a><\/p>\n<h3>\n\t\t\t\t\t\t\tVilla Finland<\/h3>\n<p><a href=\"http:\/\/www.paquitorres.es\/?page_id=2877\"><br \/>\nVer m\u00e1s\t\t\t\t\t\t<\/a><\/p>\n<h3>\n\t\t\t\t\t\t\tCasa de Las Tres Hadas<\/h3>\n<p>Ober\u00f3n y Titania, rey y reina de las hadas, que habitan en el bosque, han re\u00f1ido por causa de un paje.<br \/>\n<a href=\"http:\/\/www.paquitorres.es\/?page_id=3019\"><br \/>\nVer m\u00e1s\t\t\t\t\t\t<\/a><\/p>\n<h3>\n\t\t\t\t\t\t\tRiviera Homes<\/h3>\n<p><a href=\"http:\/\/www.paquitorres.es\/?page_id=3771\"><br \/>\nVer m\u00e1s\t\t\t\t\t\t<\/a><\/p>\n<h2>El equipo<\/h2>\n<h3>\n\t\t\t\t\t\t\tPaqui Torres<\/h3>\n<p>Agente Asociado de Keller Williams<br \/>\n\u00abTodo lo que una persona puede imaginar, otros pueden hacerlo realidad.\u00bb &#8211; Julio Verne<br \/>\n\u00abMejorar es cambiar, ser perfecto es cambiar a menudo.\u00bb &#8211; W. Churchill<\/p>\n<h3>\n\t\t\t\t\t\t\tClara Pochetti<\/h3>\n<p>Asistente Personal<br \/>\nHonestidad, confianza, profesionalidad. Garant\u00eda del mejor trato y servicio<br \/>\n<img src=\"http:\/\/www.paquitorres.es\/wp-content\/plugins\/elementor\/assets\/images\/placeholder.png\" alt=\"Marta\"><br \/>\n<cite>Marta<\/cite><\/p>\n","protected":false},"excerpt":{"rendered":"<p>Se trata de ti, de encontrar el sitio perfecto. Que la compra o la venta de tu casa te acerquen a tu sue\u00f1o. Tu casa te ayuda a escribir tu propia historia.\u00bbLa comunicaci\u00f3n honesta est\u00e1 construida en la verdad e integridad y en el respeto del uno por el otro.\u00bb \u2013 Benjamin E. May\u00bbReunirse es &hellip; <\/p>\n<p class=\"link-more\"><a href=\"http:\/\/www.paquitorres.es\/\" class=\"more-link\">Seguir leyendo <span class=\"screen-reader-text\">\u00abInicio\u00bb<\/span><\/a><\/p>\n","protected":false},"author":1,"featured_media":0,"parent":0,"menu_order":0,"comment_status":"closed","ping_status":"closed","template":"elementor_header_footer","meta":[],"yoast_head":"<!-- This site is optimized with the Yoast SEO plugin v14.4.1 - https:\/\/yoast.com\/wordpress\/plugins\/seo\/ -->\n<title>Paqui Torres Team - Inicio<\/title>\n<meta name=\"description\" content=\"Si buscas o vendes una propiedad en la Costa del Sol, somos la soluci\u00f3n perfecta. Agente de Keller Williams especialista en Benalm\u00e1dena y alrededores.\" \/>\n<meta name=\"robots\" content=\"index, follow\" \/>\n<meta name=\"googlebot\" content=\"index, follow, max-snippet:-1, max-image-preview:large, max-video-preview:-1\" \/>\n<meta name=\"bingbot\" content=\"index, follow, max-snippet:-1, max-image-preview:large, max-video-preview:-1\" \/>\n<link rel=\"canonical\" href=\"http:\/\/www.paquitorres.es\/\" \/>\n<meta property=\"og:locale\" content=\"es_ES\" \/>\n<meta property=\"og:type\" content=\"article\" \/>\n<meta property=\"og:title\" content=\"Paqui Torres Team - Inicio\" \/>\n<meta property=\"og:description\" content=\"Si buscas o vendes una propiedad en la Costa del Sol, somos la soluci\u00f3n perfecta. Agente de Keller Williams especialista en Benalm\u00e1dena y alrededores.\" \/>\n<meta property=\"og:url\" content=\"http:\/\/www.paquitorres.es\/\" \/>\n<meta property=\"article:modified_time\" content=\"2022-11-02T17:21:42+00:00\" \/>\n<meta property=\"og:image\" content=\"http:\/\/www.paquitorres.es\/wp-content\/plugins\/elementor\/assets\/images\/placeholder.png\" \/>\n<meta name=\"twitter:card\" content=\"summary_large_image\" \/>\n<script type=\"application\/ld+json\" class=\"yoast-schema-graph\">{\"@context\":\"https:\/\/schema.org\",\"@graph\":[{\"@type\":\"WebSite\",\"@id\":\"http:\/\/www.paquitorres.es\/#website\",\"url\":\"http:\/\/www.paquitorres.es\/\",\"name\":\"\",\"description\":\"\",\"potentialAction\":[{\"@type\":\"SearchAction\",\"target\":\"http:\/\/www.paquitorres.es\/?s={search_term_string}\",\"query-input\":\"required name=search_term_string\"}],\"inLanguage\":\"es\"},{\"@type\":\"ImageObject\",\"@id\":\"http:\/\/www.paquitorres.es\/#primaryimage\",\"inLanguage\":\"es\",\"url\":\"http:\/\/www.paquitorres.es\/wp-content\/plugins\/elementor\/assets\/images\/placeholder.png\"},{\"@type\":\"WebPage\",\"@id\":\"http:\/\/www.paquitorres.es\/#webpage\",\"url\":\"http:\/\/www.paquitorres.es\/\",\"name\":\"Paqui Torres Team - Inicio\",\"isPartOf\":{\"@id\":\"http:\/\/www.paquitorres.es\/#website\"},\"primaryImageOfPage\":{\"@id\":\"http:\/\/www.paquitorres.es\/#primaryimage\"},\"datePublished\":\"2020-06-19T07:44:08+00:00\",\"dateModified\":\"2022-11-02T17:21:42+00:00\",\"description\":\"Si buscas o vendes una propiedad en la Costa del Sol, somos la soluci\\u00f3n perfecta. Agente de Keller Williams especialista en Benalm\\u00e1dena y alrededores.\",\"inLanguage\":\"es\",\"potentialAction\":[{\"@type\":\"ReadAction\",\"target\":[\"http:\/\/www.paquitorres.es\/\"]}]}]}<\/script>\n<!-- \/ Yoast SEO plugin. -->","_links":{"self":[{"href":"http:\/\/www.paquitorres.es\/index.php?rest_route=\/wp\/v2\/pages\/352"}],"collection":[{"href":"http:\/\/www.paquitorres.es\/index.php?rest_route=\/wp\/v2\/pages"}],"about":[{"href":"http:\/\/www.paquitorres.es\/index.php?rest_route=\/wp\/v2\/types\/page"}],"author":[{"embeddable":true,"href":"http:\/\/www.paquitorres.es\/index.php?rest_route=\/wp\/v2\/users\/1"}],"replies":[{"embeddable":true,"href":"http:\/\/www.paquitorres.es\/index.php?rest_route=%2Fwp%2Fv2%2Fcomments&post=352"}],"version-history":[{"count":93,"href":"http:\/\/www.paquitorres.es\/index.php?rest_route=\/wp\/v2\/pages\/352\/revisions"}],"predecessor-version":[{"id":4367,"href":"http:\/\/www.paquitorres.es\/index.php?rest_route=\/wp\/v2\/pages\/352\/revisions\/4367"}],"wp:attachment":[{"href":"http:\/\/www.paquitorres.es\/index.php?rest_route=%2Fwp%2Fv2%2Fmedia&parent=352"}],"curies":[{"name":"wp","href":"https:\/\/api.w.org\/{rel}","templated":true}]}}